{"id":8571,"date":"2023-03-26T14:31:23","date_gmt":"2023-03-26T14:31:23","guid":{"rendered":"https:\/\/regalfurs.com\/?page_id=8571"},"modified":"2026-03-15T16:01:12","modified_gmt":"2026-03-15T16:01:12","slug":"environmental-policy","status":"publish","type":"page","link":"https:\/\/regalfurs.com\/fr\/environmental-policy\/","title":{"rendered":"Politique Environnementale"},"content":{"rendered":"<div data-elementor-type=\"wp-page\" data-elementor-id=\"8571\" class=\"elementor elementor-8571\">\n\t\t\t\t<div class=\"elementor-element elementor-element-6b7a2647 e-flex e-con-boxed e-con e-parent\" data-id=\"6b7a2647\" data-element_type=\"container\" data-e-type=\"container\">\n\t\t\t\t\t<div class=\"e-con-inner\">\n\t\t\t\t<div class=\"elementor-element elementor-element-180d252 elementor-widget elementor-widget-text-editor\" data-id=\"180d252\" data-element_type=\"widget\" data-e-type=\"widget\" data-widget_type=\"text-editor.default\">\n\t\t\t\t\t\t\t\t\t\t\t\n<p><strong>POLITIQUE ENVIRONNEMENTALE<\/strong><\/p>\n\n<p>Chez Regal Rugs, nous nous engageons \u00e0 mener nos op\u00e9rations commerciales de mani\u00e8re respectueuse de l'environnement. En tant que fabricant de biens d'int\u00e9rieur haut de gamme d\u00e9riv\u00e9s de peaux de mouton v\u00e9ritables, nous reconnaissons notre responsabilit\u00e9 de minimiser notre impact sur l'environnement et les animaux. Notre engagement en faveur de la durabilit\u00e9 englobe les principes suivants :<\/p>\n\n<ol class=\"wp-block-list\">\n<li class=\"translation-block\"><strong>Approvisionnement et cha\u00eene d'approvisionnement :<\/strong> Nous nous engageons \u00e0 nous approvisionner en mati\u00e8res premi\u00e8res, notamment en peaux de mouton v\u00e9ritables, aupr\u00e8s d'entreprises strictement supervis\u00e9es respectant des pratiques \u00e9thiques et durables. Nous privil\u00e9gions les fournisseurs qui respectent de hauts standards de bien-\u00eatre animal et de gestion environnementale dans leurs op\u00e9rations et qui prouvent leur responsabilit\u00e9 par des certifications valides.<\/li>\n\n<li class=\"translation-block\"><strong>Conservation de l'environnement :<\/strong> Nous sommes d\u00e9termin\u00e9s \u00e0 minimiser notre empreinte \u00e9cologique. Nos processus de fabrication sont con\u00e7us pour r\u00e9duire les d\u00e9chets, conserver les ressources et diminuer la consommation d'\u00e9nergie. Nous recherchons continuellement des m\u00e9thodes innovantes pour r\u00e9duire notre impact environnemental sans compromettre la qualit\u00e9 de nos produits.<\/li>\n\n<li class=\"translation-block\"><strong>D\u00e9veloppement et innovation des produits :<\/strong>  Nous nous effor\u00e7ons de d\u00e9velopper et d'innover des produits respectueux de l'environnement, durables et issus de sources durables. Nous visons \u00e0 incorporer des mat\u00e9riaux \u00e9cologiques et des pratiques de design chaque fois que cela est possible.<\/li>\n\n<li class=\"translation-block\"><strong>Gestion des d\u00e9chets :<\/strong> Nous mettons en \u0153uvre des applications de gestion des d\u00e9chets qui priorisent la r\u00e9duction, le recyclage et l'\u00e9limination responsable.<\/li>\n<\/ol>\n\t\t\t\t\t\t\t\t<\/div>\n\t\t\t\t\t<\/div>\n\t\t\t\t<\/div>\n\t\t\t\t<\/div>","protected":false},"excerpt":{"rendered":"<p>ENVIRONMENTAL POLICY At Regal Furs, we are dedicated to carrying out our business operations in an environmentally responsible manner. As [&hellip;]<\/p>\n","protected":false},"author":1,"featured_media":17406,"parent":0,"menu_order":0,"comment_status":"closed","ping_status":"closed","template":"","meta":{"site-sidebar-layout":"default","site-content-layout":"","ast-site-content-layout":"default","site-content-style":"default","site-sidebar-style":"default","ast-global-header-display":"","ast-banner-title-visibility":"","ast-main-header-display":"","ast-hfb-above-header-display":"","ast-hfb-below-header-display":"","ast-hfb-mobile-header-display":"","site-post-title":"","ast-breadcrumbs-content":"","ast-featured-img":"","footer-sml-layout":"","ast-disable-related-posts":"","theme-transparent-header-meta":"","adv-header-id-meta":"","stick-header-meta":"","header-above-stick-meta":"","header-main-stick-meta":"","header-below-stick-meta":"","astra-migrate-meta-layouts":"default","ast-page-background-enabled":"default","ast-page-background-meta":{"desktop":{"background-color":"var(--ast-global-color-5)","background-image":"","background-repeat":"repeat","background-position":"center center","background-size":"auto","background-attachment":"scroll","background-type":"","background-media":"","overlay-type":"","overlay-color":"","overlay-opacity":"","overlay-gradient":""},"tablet":{"background-color":"","background-image":"","background-repeat":"repeat","background-position":"center center","background-size":"auto","background-attachment":"scroll","background-type":"","background-media":"","overlay-type":"","overlay-color":"","overlay-opacity":"","overlay-gradient":""},"mobile":{"background-color":"","background-image":"","background-repeat":"repeat","background-position":"center center","background-size":"auto","background-attachment":"scroll","background-type":"","background-media":"","overlay-type":"","overlay-color":"","overlay-opacity":"","overlay-gradient":""}},"ast-content-background-meta":{"desktop":{"background-color":"var(--ast-global-color-4)","background-image":"","background-repeat":"repeat","background-position":"center center","background-size":"auto","background-attachment":"scroll","background-type":"","background-media":"","overlay-type":"","overlay-color":"","overlay-opacity":"","overlay-gradient":""},"tablet":{"background-color":"var(--ast-global-color-4)","background-image":"","background-repeat":"repeat","background-position":"center center","background-size":"auto","background-attachment":"scroll","background-type":"","background-media":"","overlay-type":"","overlay-color":"","overlay-opacity":"","overlay-gradient":""},"mobile":{"background-color":"var(--ast-global-color-4)","background-image":"","background-repeat":"repeat","background-position":"center center","background-size":"auto","background-attachment":"scroll","background-type":"","background-media":"","overlay-type":"","overlay-color":"","overlay-opacity":"","overlay-gradient":""}},"footnotes":""},"class_list":["post-8571","page","type-page","status-publish","has-post-thumbnail","hentry","_wholesalex wsx-wholesalex-product"],"yoast_head":"<!-- This site is optimized with the Yoast SEO plugin v27.3 - https:\/\/yoast.com\/product\/yoast-seo-wordpress\/ -->\n<title>Environmental Policy | Regal Rugs<\/title>\n<meta name=\"description\" content=\"Environmental Policy\" \/>\n<meta name=\"robots\" content=\"noindex, nofollow\" \/>\n<meta property=\"og:locale\" content=\"fr_FR\" \/>\n<meta property=\"og:type\" content=\"article\" \/>\n<meta property=\"og:title\" content=\"Environmental Policy | Regal Rugs\" \/>\n<meta property=\"og:description\" content=\"Environmental Policy\" \/>\n<meta property=\"og:url\" content=\"https:\/\/regalfurs.com\/fr\/environmental-policy\/\" \/>\n<meta property=\"og:site_name\" content=\"Regal Rugs\" \/>\n<meta property=\"article:publisher\" content=\"https:\/\/www.facebook.com\/regalfurs\/\" \/>\n<meta property=\"article:modified_time\" content=\"2026-03-15T16:01:12+00:00\" \/>\n<meta property=\"og:image\" content=\"https:\/\/regalfurs.com\/wp-content\/uploads\/2026\/02\/Muton-below-header.jpg\" \/>\n\t<meta property=\"og:image:width\" content=\"1920\" \/>\n\t<meta property=\"og:image:height\" content=\"350\" \/>\n\t<meta property=\"og:image:type\" content=\"image\/jpeg\" \/>\n<meta name=\"twitter:card\" content=\"summary_large_image\" \/>\n<meta name=\"twitter:label1\" content=\"Dur\u00e9e de lecture estim\u00e9e\" \/>\n\t<meta name=\"twitter:data1\" content=\"1 minute\" \/>\n<script type=\"application\/ld+json\" class=\"yoast-schema-graph\">{\"@context\":\"https:\\\/\\\/schema.org\",\"@graph\":[{\"@type\":\"WebPage\",\"@id\":\"https:\\\/\\\/regalfurs.com\\\/environmental-policy\\\/\",\"url\":\"https:\\\/\\\/regalfurs.com\\\/environmental-policy\\\/\",\"name\":\"Environmental Policy | Regal Rugs\",\"isPartOf\":{\"@id\":\"https:\\\/\\\/regalfurs.com\\\/#website\"},\"primaryImageOfPage\":{\"@id\":\"https:\\\/\\\/regalfurs.com\\\/environmental-policy\\\/#primaryimage\"},\"image\":{\"@id\":\"https:\\\/\\\/regalfurs.com\\\/environmental-policy\\\/#primaryimage\"},\"thumbnailUrl\":\"https:\\\/\\\/regalfurs.com\\\/wp-content\\\/uploads\\\/2026\\\/02\\\/Muton-below-header.jpg\",\"datePublished\":\"2023-03-26T14:31:23+00:00\",\"dateModified\":\"2026-03-15T16:01:12+00:00\",\"description\":\"Environmental Policy\",\"breadcrumb\":{\"@id\":\"https:\\\/\\\/regalfurs.com\\\/environmental-policy\\\/#breadcrumb\"},\"inLanguage\":\"fr-FR\",\"potentialAction\":[{\"@type\":\"ReadAction\",\"target\":[\"https:\\\/\\\/regalfurs.com\\\/environmental-policy\\\/\"]}]},{\"@type\":\"ImageObject\",\"inLanguage\":\"fr-FR\",\"@id\":\"https:\\\/\\\/regalfurs.com\\\/environmental-policy\\\/#primaryimage\",\"url\":\"https:\\\/\\\/regalfurs.com\\\/wp-content\\\/uploads\\\/2026\\\/02\\\/Muton-below-header.jpg\",\"contentUrl\":\"https:\\\/\\\/regalfurs.com\\\/wp-content\\\/uploads\\\/2026\\\/02\\\/Muton-below-header.jpg\",\"width\":1920,\"height\":350,\"caption\":\"Fur Rug\"},{\"@type\":\"BreadcrumbList\",\"@id\":\"https:\\\/\\\/regalfurs.com\\\/environmental-policy\\\/#breadcrumb\",\"itemListElement\":[{\"@type\":\"ListItem\",\"position\":1,\"name\":\"HOME\",\"item\":\"https:\\\/\\\/regalfurs.com\\\/\"},{\"@type\":\"ListItem\",\"position\":2,\"name\":\"Environmental Policy\"}]},{\"@type\":\"WebSite\",\"@id\":\"https:\\\/\\\/regalfurs.com\\\/#website\",\"url\":\"https:\\\/\\\/regalfurs.com\\\/\",\"name\":\"Regal Rugs\",\"description\":\"Premium Handmade Rugs &amp; Carpets\",\"publisher\":{\"@id\":\"https:\\\/\\\/regalfurs.com\\\/#organization\"},\"alternateName\":\"Regal Rugs\",\"potentialAction\":[{\"@type\":\"SearchAction\",\"target\":{\"@type\":\"EntryPoint\",\"urlTemplate\":\"https:\\\/\\\/regalfurs.com\\\/?s={search_term_string}\"},\"query-input\":{\"@type\":\"PropertyValueSpecification\",\"valueRequired\":true,\"valueName\":\"search_term_string\"}}],\"inLanguage\":\"fr-FR\"},{\"@type\":\"Organization\",\"@id\":\"https:\\\/\\\/regalfurs.com\\\/#organization\",\"name\":\"Regal Rugs\",\"alternateName\":\"Regal Rugs\",\"url\":\"https:\\\/\\\/regalfurs.com\\\/\",\"logo\":{\"@type\":\"ImageObject\",\"inLanguage\":\"fr-FR\",\"@id\":\"https:\\\/\\\/regalfurs.com\\\/#\\\/schema\\\/logo\\\/image\\\/\",\"url\":\"https:\\\/\\\/regalfurs.com\\\/wp-content\\\/uploads\\\/2023\\\/11\\\/Regal-Main-Logo.png\",\"contentUrl\":\"https:\\\/\\\/regalfurs.com\\\/wp-content\\\/uploads\\\/2023\\\/11\\\/Regal-Main-Logo.png\",\"width\":236,\"height\":88,\"caption\":\"Regal Rugs\"},\"image\":{\"@id\":\"https:\\\/\\\/regalfurs.com\\\/#\\\/schema\\\/logo\\\/image\\\/\"},\"sameAs\":[\"https:\\\/\\\/www.facebook.com\\\/regalfurs\\\/\",\"https:\\\/\\\/www.instagram.com\\\/regalfurs\\\/\",\"https:\\\/\\\/tr.pinterest.com\\\/regalfurs\\\/\",\"https:\\\/\\\/www.linkedin.com\\\/company\\\/regal-furs\\\/\"]}]}<\/script>\n<!-- \/ Yoast SEO plugin. -->","yoast_head_json":{"title":"Environmental Policy | Regal Rugs","description":"Politique Environnementale","robots":{"index":"noindex","follow":"nofollow"},"og_locale":"fr_FR","og_type":"article","og_title":"Environmental Policy | Regal Rugs","og_description":"Environmental Policy","og_url":"https:\/\/regalfurs.com\/fr\/environmental-policy\/","og_site_name":"Regal Rugs","article_publisher":"https:\/\/www.facebook.com\/regalfurs\/","article_modified_time":"2026-03-15T16:01:12+00:00","og_image":[{"width":1920,"height":350,"url":"https:\/\/regalfurs.com\/wp-content\/uploads\/2026\/02\/Muton-below-header.jpg","type":"image\/jpeg"}],"twitter_card":"summary_large_image","twitter_misc":{"Dur\u00e9e de lecture estim\u00e9e":"1 minute"},"schema":{"@context":"https:\/\/schema.org","@graph":[{"@type":"WebPage","@id":"https:\/\/regalfurs.com\/environmental-policy\/","url":"https:\/\/regalfurs.com\/environmental-policy\/","name":"Environmental Policy | Regal Rugs","isPartOf":{"@id":"https:\/\/regalfurs.com\/#website"},"primaryImageOfPage":{"@id":"https:\/\/regalfurs.com\/environmental-policy\/#primaryimage"},"image":{"@id":"https:\/\/regalfurs.com\/environmental-policy\/#primaryimage"},"thumbnailUrl":"https:\/\/regalfurs.com\/wp-content\/uploads\/2026\/02\/Muton-below-header.jpg","datePublished":"2023-03-26T14:31:23+00:00","dateModified":"2026-03-15T16:01:12+00:00","description":"Politique Environnementale","breadcrumb":{"@id":"https:\/\/regalfurs.com\/environmental-policy\/#breadcrumb"},"inLanguage":"fr-FR","potentialAction":[{"@type":"ReadAction","target":["https:\/\/regalfurs.com\/environmental-policy\/"]}]},{"@type":"ImageObject","inLanguage":"fr-FR","@id":"https:\/\/regalfurs.com\/environmental-policy\/#primaryimage","url":"https:\/\/regalfurs.com\/wp-content\/uploads\/2026\/02\/Muton-below-header.jpg","contentUrl":"https:\/\/regalfurs.com\/wp-content\/uploads\/2026\/02\/Muton-below-header.jpg","width":1920,"height":350,"caption":"Fur Rug"},{"@type":"BreadcrumbList","@id":"https:\/\/regalfurs.com\/environmental-policy\/#breadcrumb","itemListElement":[{"@type":"ListItem","position":1,"name":"HOME","item":"https:\/\/regalfurs.com\/"},{"@type":"ListItem","position":2,"name":"Environmental Policy"}]},{"@type":"WebSite","@id":"https:\/\/regalfurs.com\/#website","url":"https:\/\/regalfurs.com\/","name":"Regal Rugs","description":"Premium Handmade Rugs &amp; Carpets","publisher":{"@id":"https:\/\/regalfurs.com\/#organization"},"alternateName":"Regal Rugs","potentialAction":[{"@type":"SearchAction","target":{"@type":"EntryPoint","urlTemplate":"https:\/\/regalfurs.com\/?s={search_term_string}"},"query-input":{"@type":"PropertyValueSpecification","valueRequired":true,"valueName":"search_term_string"}}],"inLanguage":"fr-FR"},{"@type":"Organization","@id":"https:\/\/regalfurs.com\/#organization","name":"Regal Rugs","alternateName":"Regal Rugs","url":"https:\/\/regalfurs.com\/","logo":{"@type":"ImageObject","inLanguage":"fr-FR","@id":"https:\/\/regalfurs.com\/#\/schema\/logo\/image\/","url":"https:\/\/regalfurs.com\/wp-content\/uploads\/2023\/11\/Regal-Main-Logo.png","contentUrl":"https:\/\/regalfurs.com\/wp-content\/uploads\/2023\/11\/Regal-Main-Logo.png","width":236,"height":88,"caption":"Regal Rugs"},"image":{"@id":"https:\/\/regalfurs.com\/#\/schema\/logo\/image\/"},"sameAs":["https:\/\/www.facebook.com\/regalfurs\/","https:\/\/www.instagram.com\/regalfurs\/","https:\/\/tr.pinterest.com\/regalfurs\/","https:\/\/www.linkedin.com\/company\/regal-furs\/"]}]}},"_links":{"self":[{"href":"https:\/\/regalfurs.com\/fr\/wp-json\/wp\/v2\/pages\/8571","targetHints":{"allow":["GET"]}}],"collection":[{"href":"https:\/\/regalfurs.com\/fr\/wp-json\/wp\/v2\/pages"}],"about":[{"href":"https:\/\/regalfurs.com\/fr\/wp-json\/wp\/v2\/types\/page"}],"author":[{"embeddable":true,"href":"https:\/\/regalfurs.com\/fr\/wp-json\/wp\/v2\/users\/1"}],"replies":[{"embeddable":true,"href":"https:\/\/regalfurs.com\/fr\/wp-json\/wp\/v2\/comments?post=8571"}],"version-history":[{"count":0,"href":"https:\/\/regalfurs.com\/fr\/wp-json\/wp\/v2\/pages\/8571\/revisions"}],"wp:featuredmedia":[{"embeddable":true,"href":"https:\/\/regalfurs.com\/fr\/wp-json\/wp\/v2\/media\/17406"}],"wp:attachment":[{"href":"https:\/\/regalfurs.com\/fr\/wp-json\/wp\/v2\/media?parent=8571"}],"curies":[{"name":"wp","href":"https:\/\/api.w.org\/{rel}","templated":true}]}}